{"id":201,"date":"2023-12-09T16:07:33","date_gmt":"2023-12-09T15:07:33","guid":{"rendered":"https:\/\/skytravels.ch\/umrah-hajj\/"},"modified":"2023-12-18T20:46:41","modified_gmt":"2023-12-18T19:46:41","slug":"umrah-hajj","status":"publish","type":"page","link":"https:\/\/skytravels.ch\/de\/umrah-hajj\/","title":{"rendered":"UMRAH &amp; HAJJ"},"content":{"rendered":"<p>[et_pb_section fb_built=&#8220;1&#8243; _builder_version=&#8220;4.23.1&#8243; _module_preset=&#8220;default&#8220; hover_enabled=&#8220;0&#8243; global_colors_info=&#8220;{}&#8220; custom_padding=&#8220;0px||||false|false&#8220; background_enable_color=&#8220;off&#8220; sticky_enabled=&#8220;0&#8243;][et_pb_row _builder_version=&#8220;4.23.1&#8243; _module_preset=&#8220;default&#8220; hover_enabled=&#8220;0&#8243; global_colors_info=&#8220;{}&#8220; sticky_enabled=&#8220;0&#8243; custom_padding=&#8220;80px||80px|20px|false|false&#8220; title_text=&#8220;hajj-banner1_new23&#8243; background_image=&#8220;https:\/\/skytravels.ch\/wp-content\/uploads\/2023\/12\/hajj-banner1_new23.jpg&#8220; background_color=&#8220;rgba(255,255,255,0.5)&#8220; background_repeat=&#8220;repeat&#8220; background_blend=&#8220;lighten&#8220;][et_pb_column type=&#8220;4_4&#8243; _builder_version=&#8220;4.23.1&#8243; _module_preset=&#8220;default&#8220; global_colors_info=&#8220;{}&#8220;][et_pb_post_title meta=&#8220;off&#8220; featured_image=&#8220;off&#8220; _builder_version=&#8220;4.23.1&#8243; _module_preset=&#8220;default&#8220; hover_enabled=&#8220;0&#8243; global_colors_info=&#8220;{}&#8220; text_orientation=&#8220;center&#8220; sticky_enabled=&#8220;0&#8243;][\/et_pb_post_title][et_pb_text _builder_version=&#8220;4.23.1&#8243; _module_preset=&#8220;default&#8220; text_font_size=&#8220;1.6em&#8220; hover_enabled=&#8220;0&#8243; global_colors_info=&#8220;{}&#8220; header_text_align=&#8220;center&#8220; text_orientation=&#8220;center&#8220; sticky_enabled=&#8220;0&#8243;]<\/p>\n<p>Die richtige Anlaufstelle f\u00fcr die Pilgerfahrt!<\/p>\n<p>[\/et_pb_text][\/et_pb_column][\/et_pb_row][et_pb_row column_structure=&#8220;1_3,2_3&#8243; _builder_version=&#8220;4.23.1&#8243; _module_preset=&#8220;default&#8220; global_colors_info=&#8220;{}&#8220;][et_pb_column type=&#8220;1_3&#8243; _builder_version=&#8220;4.23.1&#8243; _module_preset=&#8220;default&#8220; background_color=&#8220;#58b774&#8243; custom_padding=&#8220;20px|20px|20px|20px|true|true&#8220; global_colors_info=&#8220;{}&#8220;][et_pb_text _builder_version=&#8220;4.23.1&#8243; _module_preset=&#8220;default&#8220; text_font=&#8220;||||||||&#8220; text_text_color=&#8220;#000000&#8243; link_text_color=&#8220;#000000&#8243; header_3_font=&#8220;|700|||||||&#8220; header_3_text_align=&#8220;center&#8220; header_3_text_color=&#8220;#FFFFFF&#8220; text_orientation=&#8220;center&#8220; global_colors_info=&#8220;{}&#8220;]<\/p>\n<h3>Warum mit uns reisen?<\/h3>\n<p>&nbsp;<\/p>\n<p><strong>Preisg\u00fcnstige Pakete<\/strong><\/p>\n<p><strong>Einfaches Buchungssystem<\/strong><\/p>\n<p><strong>Beste Hotels<\/strong><\/p>\n<p><strong>Sichere Zahlungen<\/strong><\/p>\n<p><strong>24\/7 Kundenbetreuung<\/strong><\/p>\n<p><strong>E-Mail-Unterst\u00fctzung<\/strong><\/p>\n<p><strong>Die Steuer ist im Preis inbegriffen<\/strong><\/p>\n<p><strong><img loading=\"lazy\" decoding=\"async\" src=\"https:\/\/skytravels.ch\/wp-content\/uploads\/2023\/12\/IATA_Logo_hajj-1.png\" width=\"241\" height=\"76\" alt=\"\" class=\"wp-image-105 alignnone size-full\"><br \/><\/strong><\/p>\n<p><strong>Online-Hilfe &amp; Unterst\u00fctzung<\/strong><br \/><strong>Erhalten Sie 24\/7<\/strong> Kundenunterst\u00fctzung<br \/><strong>Rufen Sie uns an:<\/strong> <a href=\"tel:0433119002\">+41 (0)43 311 90 02<\/a><\/p>\n<p>[\/et_pb_text][\/et_pb_column][et_pb_column type=&#8220;2_3&#8243; _builder_version=&#8220;4.23.1&#8243; _module_preset=&#8220;default&#8220; global_colors_info=&#8220;{}&#8220;][et_pb_text _builder_version=&#8220;4.23.1&#8243; _module_preset=&#8220;default&#8220; global_colors_info=&#8220;{}&#8220;]<\/p>\n<div class=\"et_pb_module et_pb_text et_pb_text_2 et_pb_text_align_left et_pb_bg_layout_light\">\n<div class=\"et_pb_text_inner\">\n<h3 class=\"title\">VERTRAUEN SIE AUF UNSERE ERFAHRUNG BEI DER PILGERFAHRT!<\/h3>\n<p>&nbsp;<\/p>\n<p class=\"title\"><strong>SkyTravels hat sich einen guten Markennamen in der Schweiz geschaffen, indem es 5 Stern-Umrah-Pakete, 4-Stern-Umrah-Pakete und 3-Stern-Umrah-Pakete zu den niedrigsten Preisen in der Schweiz anbietet. Wir f\u00fchlen uns geehrt, muslimischen Familien in der Schweiz zu dienen und ihnen luxuri\u00f6se Umrah-Pakete mit Direktfl\u00fcgen und Luxushotels anzubieten.<\/strong><\/p>\n<p><strong>Wir bieten Komplettpakete inklusive Visa, Flugtickets (Linienfl\u00fcge hin und zur\u00fcck), Transfer zwischen den heiligen St\u00e4tten in einem klimatisierten Reisebus, Mazarat in Makkah und Medina, auch ist ein deutschsprachiger Reisef\u00fchrer inklusive. Unser Netzwerk umfasst die besten Unternehmen in Saudi-Arabien und wir verf\u00fcgen \u00fcber eine Lizenz des Hajj-Ministeriums und der International Air Transport Association IATA.<\/strong><\/p>\n<\/div>\n<\/div>\n<div class=\"et_pb_module et_pb_text et_pb_text_3 et_pb_text_align_left et_pb_bg_layout_light\">\n<div class=\"et_pb_text_inner\">\n<blockquote>\n<p>SkyTravels ist stolz darauf, den Muslimen in der Schweiz durch die Bereitstellung von 5-Sterne-Umrah-Paketen mit Luxushotels und Fl\u00fcgen zu niedrigstm\u00f6glichen Preisen in der Schweiz, zu dienen.<\/p>\n<\/blockquote>\n<\/div>\n<\/div>\n<p>[\/et_pb_text][\/et_pb_column][\/et_pb_row][et_pb_row _builder_version=&#8220;4.23.1&#8243; _module_preset=&#8220;default&#8220; global_colors_info=&#8220;{}&#8220;][et_pb_column type=&#8220;4_4&#8243; _builder_version=&#8220;4.23.1&#8243; _module_preset=&#8220;default&#8220; global_colors_info=&#8220;{}&#8220;][et_pb_text _builder_version=&#8220;4.23.1&#8243; _module_preset=&#8220;default&#8220; global_colors_info=&#8220;{}&#8220;]<\/p>\n<div class=\"et_pb_row et_pb_row_2\">\n<div class=\"et_pb_column et_pb_column_4_4 et_pb_column_3 et_pb_css_mix_blend_mode_passthrough et-last-child\">\n<div class=\"et_pb_module et_pb_text et_pb_text_4 et_pb_text_align_left et_pb_bg_layout_light\">\n<div class=\"et_pb_text_inner\">\n<h2 style=\"text-align: center;\"><span>UMRAH-PAKETE<\/span><\/h2>\n<\/div>\n<\/div>\n<\/div>\n<\/div>\n<p>[\/et_pb_text][\/et_pb_column][\/et_pb_row][et_pb_row column_structure=&#8220;1_4,1_4,1_4,1_4&#8243; _builder_version=&#8220;4.23.1&#8243; _module_preset=&#8220;default&#8220; global_colors_info=&#8220;{}&#8220;][et_pb_column type=&#8220;1_4&#8243; _builder_version=&#8220;4.23.1&#8243; _module_preset=&#8220;default&#8220; global_colors_info=&#8220;{}&#8220;][et_pb_text _builder_version=&#8220;4.23.1&#8243; _module_preset=&#8220;default&#8220; global_colors_info=&#8220;{}&#8220;]<\/p>\n<h3 style=\"text-align: center;\">STANDARD<br \/>PAKETE<\/h3>\n<p>[\/et_pb_text][dipi_star_rating rating=&#8220;2&#8243; show_rating_number=&#8220;off&#8220; alignment=&#8220;center&#8220; inactive_rating_icon_color=&#8220;#dadada&#8220; _builder_version=&#8220;4.23.1&#8243; _module_preset=&#8220;default&#8220; title_text_align=&#8220;center&#8220; global_colors_info=&#8220;{}&#8220;][\/dipi_star_rating][et_pb_image src=&#8220;https:\/\/skytravels.ch\/wp-content\/uploads\/2023\/12\/Services_madinah_pasic.jpg&#8220; title_text=&#8220;Services_madinah_pasic&#8220; _builder_version=&#8220;4.23.1&#8243; _module_preset=&#8220;default&#8220; global_colors_info=&#8220;{}&#8220;][\/et_pb_image][et_pb_button button_url=&#8220;https:\/\/skytravels.ch\/#contact-us&#8220; button_text=&#8220;Kontakt&#8220; button_alignment=&#8220;center&#8220; _builder_version=&#8220;4.23.1&#8243; _module_preset=&#8220;default&#8220; custom_button=&#8220;on&#8220; button_text_color=&#8220;#FFFFFF&#8220; button_bg_color=&#8220;#0C71C3&#8243; button_font=&#8220;||||on|||RGBA(255,255,255,0)|&#8220; global_colors_info=&#8220;{}&#8220;][\/et_pb_button][\/et_pb_column][et_pb_column type=&#8220;1_4&#8243; _builder_version=&#8220;4.23.1&#8243; _module_preset=&#8220;default&#8220; global_colors_info=&#8220;{}&#8220;][et_pb_text _builder_version=&#8220;4.23.1&#8243; _module_preset=&#8220;default&#8220; global_colors_info=&#8220;{}&#8220;]<\/p>\n<h3 style=\"text-align: center;\">3 STAR<br \/>PAKETE<\/h3>\n<p>[\/et_pb_text][dipi_star_rating show_rating_number=&#8220;off&#8220; alignment=&#8220;center&#8220; inactive_rating_icon_color=&#8220;#dadada&#8220; _builder_version=&#8220;4.23.1&#8243; _module_preset=&#8220;default&#8220; title_text_align=&#8220;center&#8220; global_colors_info=&#8220;{}&#8220;][\/dipi_star_rating][et_pb_image src=&#8220;https:\/\/skytravels.ch\/wp-content\/uploads\/2023\/12\/Services_makka_3star.jpg&#8220; title_text=&#8220;Services_makka_3star&#8220; _builder_version=&#8220;4.23.1&#8243; _module_preset=&#8220;default&#8220; global_colors_info=&#8220;{}&#8220;][\/et_pb_image][et_pb_button button_url=&#8220;https:\/\/skytravels.ch\/#contact-us&#8220; button_text=&#8220;Kontakt&#8220; button_alignment=&#8220;center&#8220; _builder_version=&#8220;4.23.1&#8243; _module_preset=&#8220;default&#8220; custom_button=&#8220;on&#8220; button_text_color=&#8220;#FFFFFF&#8220; button_bg_color=&#8220;#0C71C3&#8243; button_font=&#8220;||||on|||RGBA(255,255,255,0)|&#8220; global_colors_info=&#8220;{}&#8220;][\/et_pb_button][\/et_pb_column][et_pb_column type=&#8220;1_4&#8243; _builder_version=&#8220;4.23.1&#8243; _module_preset=&#8220;default&#8220; global_colors_info=&#8220;{}&#8220;][et_pb_text _builder_version=&#8220;4.23.1&#8243; _module_preset=&#8220;default&#8220; global_colors_info=&#8220;{}&#8220;]<\/p>\n<h3 style=\"text-align: center;\">5 STERNE<br \/>PAKETE<\/h3>\n<p>[\/et_pb_text][dipi_star_rating rating=&#8220;5&#8243; show_rating_number=&#8220;off&#8220; alignment=&#8220;center&#8220; inactive_rating_icon_color=&#8220;#dadada&#8220; _builder_version=&#8220;4.23.1&#8243; _module_preset=&#8220;default&#8220; title_text_align=&#8220;center&#8220; global_colors_info=&#8220;{}&#8220;][\/dipi_star_rating][et_pb_image src=&#8220;https:\/\/skytravels.ch\/wp-content\/uploads\/2023\/12\/Services_makka_5star.jpg&#8220; title_text=&#8220;Services_makka_5star&#8220; _builder_version=&#8220;4.23.1&#8243; _module_preset=&#8220;default&#8220; global_colors_info=&#8220;{}&#8220;][\/et_pb_image][et_pb_button button_url=&#8220;https:\/\/skytravels.ch\/#contact-us&#8220; button_text=&#8220;Kontakt&#8220; button_alignment=&#8220;center&#8220; _builder_version=&#8220;4.23.1&#8243; _module_preset=&#8220;default&#8220; custom_button=&#8220;on&#8220; button_text_color=&#8220;#FFFFFF&#8220; button_bg_color=&#8220;#0C71C3&#8243; button_font=&#8220;||||on|||RGBA(255,255,255,0)|&#8220; global_colors_info=&#8220;{}&#8220;][\/et_pb_button][\/et_pb_column][et_pb_column type=&#8220;1_4&#8243; _builder_version=&#8220;4.23.1&#8243; _module_preset=&#8220;default&#8220; global_colors_info=&#8220;{}&#8220;][et_pb_text _builder_version=&#8220;4.23.1&#8243; _module_preset=&#8220;default&#8220; header_3_font=&#8220;|||on|||||&#8220; global_colors_info=&#8220;{}&#8220;]<\/p>\n<h3 style=\"text-align: center;\">Individual-<br \/>Pakete<\/h3>\n<p>[\/et_pb_text][dipi_star_rating rating=&#8220;5&#8243; show_rating_number=&#8220;off&#8220; alignment=&#8220;center&#8220; active_rating_icon_color=&#8220;#0C71C3&#8243; inactive_rating_icon_color=&#8220;#dadada&#8220; _builder_version=&#8220;4.23.1&#8243; _module_preset=&#8220;default&#8220; title_text_align=&#8220;center&#8220; global_colors_info=&#8220;{}&#8220;][\/dipi_star_rating][et_pb_image src=&#8220;https:\/\/skytravels.ch\/wp-content\/uploads\/2023\/12\/Services_madinah_individual.jpg&#8220; title_text=&#8220;Services_madinah_individual&#8220; _builder_version=&#8220;4.23.1&#8243; _module_preset=&#8220;default&#8220; global_colors_info=&#8220;{}&#8220;][\/et_pb_image][et_pb_button button_url=&#8220;https:\/\/skytravels.ch\/#contact-us&#8220; button_text=&#8220;Kontakt&#8220; button_alignment=&#8220;center&#8220; _builder_version=&#8220;4.23.1&#8243; _module_preset=&#8220;default&#8220; custom_button=&#8220;on&#8220; button_text_color=&#8220;#FFFFFF&#8220; button_bg_color=&#8220;#0C71C3&#8243; button_font=&#8220;||||on|||RGBA(255,255,255,0)|&#8220; global_colors_info=&#8220;{}&#8220;][\/et_pb_button][\/et_pb_column][\/et_pb_row][\/et_pb_section][et_pb_section fb_built=&#8220;1&#8243; _builder_version=&#8220;4.23.1&#8243; _module_preset=&#8220;default&#8220; global_colors_info=&#8220;{}&#8220;][et_pb_row _builder_version=&#8220;4.23.1&#8243; _module_preset=&#8220;default&#8220; global_colors_info=&#8220;{}&#8220;][et_pb_column type=&#8220;4_4&#8243; _builder_version=&#8220;4.23.1&#8243; _module_preset=&#8220;default&#8220; global_colors_info=&#8220;{}&#8220;][et_pb_text _builder_version=&#8220;4.23.1&#8243; _module_preset=&#8220;default&#8220; global_colors_info=&#8220;{}&#8220;]<\/p>\n<h3>Mehr Details<\/h3>\n<h4>SkyTravels<\/h4>\n<p>Wir bieten erschwingliche Umrah- und Hadsch-Reisen nach Makkah und Medinah.<br \/>Buchen Sie Einzel &#8211; Gruppenreisen zu fairen Preisen, stellen Sie Ihre UMRA-Reise individuell zusammen und w\u00e4hlen Sie zwischen 3 * bis 5 * Hotels aus unserem Angebot.<\/p>\n<p><strong>Unser Rundum-Service f\u00fcr Sie: <\/strong><br \/>&#8211; Visum f\u00fcr Saudi-Arabien.<br \/>&#8211; Linienflug (Hin- und R\u00fcckflug mit einer renommierten Fluggesellschaft).<br \/>&#8211; Unterkunft in Mekka und Medina (Hotelkategorien variieren je nach Umra-Programm).<br \/>&#8211; Transfers zu den heiligen St\u00e4tten im klimatisierten Bus (Transfers zwischen Jeddah, Makkah und Madinah und Besichtigungen).<br \/>&#8211; Deutschsprachiger F\u00fchrer vor Ort.<br \/>&#8211; Ziyarat in Mekka und Medina.<\/p>\n<p><strong>Rufen Sie uns an unter:<\/strong><br \/>Telefon: +41 (0) 43 311 90 02<br \/>Mob: +41 (0) 78 732 66 41<\/p>\n<p>[\/et_pb_text][\/et_pb_column][\/et_pb_row][\/et_pb_section]<\/p>\n","protected":false},"excerpt":{"rendered":"<p>Die richtige Anlaufstelle f\u00fcr die Pilgerfahrt!Warum mit uns reisen? &nbsp; Preisg\u00fcnstige Pakete Einfaches Buchungssystem Beste Hotels Sichere Zahlungen 24\/7 Kundenbetreuung E-Mail-Unterst\u00fctzung Die Steuer ist im Preis inbegriffen Online-Hilfe &amp; Unterst\u00fctzungErhalten Sie 24\/7 Kundenunterst\u00fctzungRufen Sie uns an: +41 (0)43 311 90 02 VERTRAUEN SIE AUF UNSERE ERFAHRUNG BEI DER PILGERFAHRT! &nbsp; SkyTravels hat sich einen guten [&hellip;]<\/p>\n","protected":false},"author":1,"featured_media":0,"parent":0,"menu_order":0,"comment_status":"closed","ping_status":"closed","template":"","meta":{"_et_pb_use_builder":"on","_et_pb_old_content":"","_et_gb_content_width":"","footnotes":""},"dipi_cpt_category":[],"class_list":["post-201","page","type-page","status-publish","hentry"],"_links":{"self":[{"href":"https:\/\/skytravels.ch\/de\/wp-json\/wp\/v2\/pages\/201","targetHints":{"allow":["GET"]}}],"collection":[{"href":"https:\/\/skytravels.ch\/de\/wp-json\/wp\/v2\/pages"}],"about":[{"href":"https:\/\/skytravels.ch\/de\/wp-json\/wp\/v2\/types\/page"}],"author":[{"embeddable":true,"href":"https:\/\/skytravels.ch\/de\/wp-json\/wp\/v2\/users\/1"}],"replies":[{"embeddable":true,"href":"https:\/\/skytravels.ch\/de\/wp-json\/wp\/v2\/comments?post=201"}],"version-history":[{"count":2,"href":"https:\/\/skytravels.ch\/de\/wp-json\/wp\/v2\/pages\/201\/revisions"}],"predecessor-version":[{"id":203,"href":"https:\/\/skytravels.ch\/de\/wp-json\/wp\/v2\/pages\/201\/revisions\/203"}],"wp:attachment":[{"href":"https:\/\/skytravels.ch\/de\/wp-json\/wp\/v2\/media?parent=201"}],"wp:term":[{"taxonomy":"dipi_cpt_category","embeddable":true,"href":"https:\/\/skytravels.ch\/de\/wp-json\/wp\/v2\/dipi_cpt_category?post=201"}],"curies":[{"name":"wp","href":"https:\/\/api.w.org\/{rel}","templated":true}]}}