{"id":220,"date":"2023-12-10T21:16:58","date_gmt":"2023-12-10T20:16:58","guid":{"rendered":"https:\/\/skytravels.ch\/ueber-uns\/"},"modified":"2023-12-18T22:35:11","modified_gmt":"2023-12-18T21:35:11","slug":"ueber-uns","status":"publish","type":"page","link":"https:\/\/skytravels.ch\/de\/ueber-uns\/","title":{"rendered":"\u00dcber uns"},"content":{"rendered":"<p>[et_pb_section fb_built=&#8220;1&#8243; _builder_version=&#8220;4.23.1&#8243; _module_preset=&#8220;default&#8220; global_colors_info=&#8220;{}&#8220;][et_pb_row _builder_version=&#8220;4.23.1&#8243; _module_preset=&#8220;default&#8220; global_colors_info=&#8220;{}&#8220;][et_pb_column type=&#8220;4_4&#8243; _builder_version=&#8220;4.23.1&#8243; _module_preset=&#8220;default&#8220; global_colors_info=&#8220;{}&#8220;][et_pb_post_title meta=&#8220;off&#8220; _builder_version=&#8220;4.23.1&#8243; _module_preset=&#8220;default&#8220; hover_enabled=&#8220;0&#8243; global_colors_info=&#8220;{}&#8220; title_font_size=&#8220;2.3em&#8220; title_font=&#8220;|||on|||||&#8220; sticky_enabled=&#8220;0&#8243;][\/et_pb_post_title][et_pb_text _builder_version=&#8220;4.23.1&#8243; _module_preset=&#8220;default&#8220; text_font_size=&#8220;1.2em&#8220; header_3_font=&#8220;|||on|||||&#8220; header_3_text_color=&#8220;#5e5e5e&#8220; global_colors_info=&#8220;{}&#8220;]<\/p>\n<p>Die <strong>Sky Travels GmbH<\/strong> wurde 2004 gegr\u00fcndet und hat sich auf die Organisation und Durchf\u00fchrung von Reisen weltweit spezialisiert.<\/p>\n<p>&nbsp;<\/p>\n<h3><b>Unsere Angebote<\/b><\/h3>\n<p>Die Angebote k\u00f6nnen kombiniert werden. Wir sind spezialisiert auf ma\u00dfgeschneiderte Reisen nach Asien: Gemeinsam machen wir Ihre Traumreise wahr. Profitieren Sie von unserem umfangreichen Know-how! Die Zusammenstellung von individuellen Reisevorschl\u00e4gen erfolgt auf Anfrage. Unsere Angebote werden sorgf\u00e4ltig ausgew\u00e4hlt. Die Qualit\u00e4t unserer Dienstleister &#8211; Fluggesellschaften, Hotels und unsere Agenturen vor Ort &#8211; wird st\u00e4ndig \u00fcberpr\u00fcft. Zu diesem Zweck reisen unsere Reisespezialisten regelm\u00e4\u00dfig in die verschiedenen L\u00e4nder.<br \/>Diese Spezialisten k\u00f6nnen Sie auch pers\u00f6nlich beraten. Unsere Kunden geniessen damit einen einzigartigen Beratungsservice. Wir haben viel Erfahrung und gute Produktideen und k\u00f6nnen Ihre individuellen Urlaubstr\u00e4ume realisieren. Wir bieten die gesamte Palette an Reisedienstleistungen an: Fl\u00fcge weltweit, Privatreisen, massgeschneiderte Reisen, spezielle Gruppenreisen, Strandurlaubspakete, Hotelreservationen, exklusive Minigruppenreisen ab der Schweiz mit Top-Guides und vieles mehr.<\/p>\n<p>&nbsp;<\/p>\n<h3><\/h3>\n<h3>Sky Travels GmbH ist ein Mitglied der IATA.<\/h3>\n<p>[\/et_pb_text][\/et_pb_column][\/et_pb_row][et_pb_row column_structure=&#8220;1_2,1_2&#8243; _builder_version=&#8220;4.23.1&#8243; _module_preset=&#8220;default&#8220; global_colors_info=&#8220;{}&#8220;][et_pb_column type=&#8220;1_2&#8243; _builder_version=&#8220;4.23.1&#8243; _module_preset=&#8220;default&#8220; global_colors_info=&#8220;{}&#8220;][et_pb_image src=&#8220;https:\/\/skytravels.ch\/wp-content\/uploads\/2023\/12\/Ihtsham2.png&#8220; title_text=&#8220;Ihtsham2&#8243; align=&#8220;center&#8220; _builder_version=&#8220;4.23.1&#8243; _module_preset=&#8220;default&#8220; global_colors_info=&#8220;{}&#8220;][\/et_pb_image][et_pb_text _builder_version=&#8220;4.23.1&#8243; _module_preset=&#8220;default&#8220; text_font_size=&#8220;1.1em&#8220; text_orientation=&#8220;center&#8220; global_colors_info=&#8220;{}&#8220;]<\/p>\n<p><b>Muhammad Azam<\/b><\/p>\n<p>CEO &amp; Gesch\u00e4ftsf\u00fchrer<\/p>\n<p>E-Mail =<span> <\/span><a href=\"mailto:info@skytravels.ch\">info@skytravels.ch<\/a><br \/><span>Telefon = <\/span><a href=\"tel:+41787326641\">+41 (0) 78 732 66 41<\/a><\/p>\n<p><span>CEO und Gr\u00fcnder von SkyTravels seit 2004.<\/span><\/p>\n<p>[\/et_pb_text][et_pb_social_media_follow _builder_version=&#8220;4.23.1&#8243; _module_preset=&#8220;default&#8220; text_orientation=&#8220;center&#8220; global_colors_info=&#8220;{}&#8220;][et_pb_social_media_follow_network social_network=&#8220;facebook&#8220; url=&#8220;https:\/\/www.facebook.com\/skytravelszurich&#8220; _builder_version=&#8220;4.23.1&#8243; _module_preset=&#8220;default&#8220; background_color=&#8220;#3b5998&#8243; global_colors_info=&#8220;{}&#8220; follow_button=&#8220;off&#8220; url_new_window=&#8220;on&#8220;]facebook[\/et_pb_social_media_follow_network][et_pb_social_media_follow_network social_network=&#8220;twitter&#8220; url=&#8220;https:\/\/twitter.com\/skytravelsch&#8220; _builder_version=&#8220;4.23.1&#8243; _module_preset=&#8220;default&#8220; background_color=&#8220;#000000&#8243; global_colors_info=&#8220;{}&#8220; follow_button=&#8220;off&#8220; url_new_window=&#8220;on&#8220;]twitter[\/et_pb_social_media_follow_network][\/et_pb_social_media_follow][et_pb_button button_url=&#8220;mailto:info@skytravels.ch&#8220; button_text=&#8220;E-Mail an&#8220; button_alignment=&#8220;center&#8220; _builder_version=&#8220;4.23.1&#8243; _module_preset=&#8220;default&#8220; custom_button=&#8220;on&#8220; button_text_color=&#8220;#FFFFFF&#8220; button_bg_color=&#8220;#0C71C3&#8243; button_font=&#8220;||||on|||#0C71C3|&#8220; button_icon=&#8220;&#xe010;||divi||400&#8243; button_on_hover=&#8220;off&#8220; global_colors_info=&#8220;{}&#8220;][\/et_pb_button][\/et_pb_column][et_pb_column type=&#8220;1_2&#8243; _builder_version=&#8220;4.23.1&#8243; _module_preset=&#8220;default&#8220; global_colors_info=&#8220;{}&#8220;][et_pb_image src=&#8220;https:\/\/skytravels.ch\/wp-content\/uploads\/2023\/12\/Ihtsham.png&#8220; title_text=&#8220;Ihtsham&#8220; align=&#8220;center&#8220; _builder_version=&#8220;4.23.1&#8243; _module_preset=&#8220;default&#8220; global_colors_info=&#8220;{}&#8220;][\/et_pb_image][et_pb_text _builder_version=&#8220;4.23.1&#8243; _module_preset=&#8220;default&#8220; text_font_size=&#8220;1.1em&#8220; text_orientation=&#8220;center&#8220; custom_margin=&#8220;||55px|||&#8220; global_colors_info=&#8220;{}&#8220;]<\/p>\n<p><b>Muhammad Hassan<br \/><\/b><\/p>\n<p>Reiseberater<\/p>\n<p>E-Mail =<span> <\/span><a href=\"mailto:m.hassan@bluewin.ch\">m.hassan@bluewin.ch<\/a><br \/><span>Telefon = <\/span><a href=\"tel:+41433119002\">+41 (0) 43 311 90 02<\/a><\/p>\n<p>[\/et_pb_text][et_pb_social_media_follow _builder_version=&#8220;4.23.1&#8243; _module_preset=&#8220;default&#8220; text_orientation=&#8220;center&#8220; global_colors_info=&#8220;{}&#8220;][et_pb_social_media_follow_network social_network=&#8220;facebook&#8220; url=&#8220;https:\/\/www.facebook.com\/skytravelszurich&#8220; _builder_version=&#8220;4.23.1&#8243; _module_preset=&#8220;default&#8220; background_color=&#8220;#3b5998&#8243; global_colors_info=&#8220;{}&#8220; follow_button=&#8220;off&#8220; url_new_window=&#8220;on&#8220;]facebook[\/et_pb_social_media_follow_network][et_pb_social_media_follow_network social_network=&#8220;twitter&#8220; url=&#8220;https:\/\/twitter.com\/skytravelsch&#8220; _builder_version=&#8220;4.23.1&#8243; _module_preset=&#8220;default&#8220; background_color=&#8220;#000000&#8243; global_colors_info=&#8220;{}&#8220; follow_button=&#8220;off&#8220; url_new_window=&#8220;on&#8220;]twitter[\/et_pb_social_media_follow_network][\/et_pb_social_media_follow][et_pb_button button_url=&#8220;mailto:info@skytravels.ch&#8220; button_text=&#8220;E-Mail an&#8220; button_alignment=&#8220;center&#8220; _builder_version=&#8220;4.23.1&#8243; _module_preset=&#8220;default&#8220; custom_button=&#8220;on&#8220; button_text_color=&#8220;#FFFFFF&#8220; button_bg_color=&#8220;#0C71C3&#8243; button_font=&#8220;||||on|||#0C71C3|&#8220; button_icon=&#8220;&#xe010;||divi||400&#8243; button_on_hover=&#8220;off&#8220; global_colors_info=&#8220;{}&#8220;][\/et_pb_button][\/et_pb_column][\/et_pb_row][\/et_pb_section]<\/p>\n","protected":false},"excerpt":{"rendered":"<p>Die Sky Travels GmbH wurde 2004 gegr\u00fcndet und hat sich auf die Organisation und Durchf\u00fchrung von Reisen weltweit spezialisiert. &nbsp; Unsere Angebote Die Angebote k\u00f6nnen kombiniert werden. Wir sind spezialisiert auf ma\u00dfgeschneiderte Reisen nach Asien: Gemeinsam machen wir Ihre Traumreise wahr. Profitieren Sie von unserem umfangreichen Know-how! Die Zusammenstellung von individuellen Reisevorschl\u00e4gen erfolgt auf Anfrage. [&hellip;]<\/p>\n","protected":false},"author":1,"featured_media":0,"parent":0,"menu_order":0,"comment_status":"closed","ping_status":"closed","template":"","meta":{"_et_pb_use_builder":"on","_et_pb_old_content":"","_et_gb_content_width":"","footnotes":""},"dipi_cpt_category":[],"class_list":["post-220","page","type-page","status-publish","hentry"],"_links":{"self":[{"href":"https:\/\/skytravels.ch\/de\/wp-json\/wp\/v2\/pages\/220","targetHints":{"allow":["GET"]}}],"collection":[{"href":"https:\/\/skytravels.ch\/de\/wp-json\/wp\/v2\/pages"}],"about":[{"href":"https:\/\/skytravels.ch\/de\/wp-json\/wp\/v2\/types\/page"}],"author":[{"embeddable":true,"href":"https:\/\/skytravels.ch\/de\/wp-json\/wp\/v2\/users\/1"}],"replies":[{"embeddable":true,"href":"https:\/\/skytravels.ch\/de\/wp-json\/wp\/v2\/comments?post=220"}],"version-history":[{"count":2,"href":"https:\/\/skytravels.ch\/de\/wp-json\/wp\/v2\/pages\/220\/revisions"}],"predecessor-version":[{"id":222,"href":"https:\/\/skytravels.ch\/de\/wp-json\/wp\/v2\/pages\/220\/revisions\/222"}],"wp:attachment":[{"href":"https:\/\/skytravels.ch\/de\/wp-json\/wp\/v2\/media?parent=220"}],"wp:term":[{"taxonomy":"dipi_cpt_category","embeddable":true,"href":"https:\/\/skytravels.ch\/de\/wp-json\/wp\/v2\/dipi_cpt_category?post=220"}],"curies":[{"name":"wp","href":"https:\/\/api.w.org\/{rel}","templated":true}]}}